{"id":28,"date":"2021-01-18T15:58:19","date_gmt":"2021-01-18T14:58:19","guid":{"rendered":"http:\/\/www.hargarten-net.com\/?page_id=28"},"modified":"2021-01-18T16:01:44","modified_gmt":"2021-01-18T15:01:44","slug":"wappenbeschreibung-begruendung","status":"publish","type":"page","link":"https:\/\/www.hargarten-net.com\/?page_id=28","title":{"rendered":"Gemeindewappen"},"content":{"rendered":"\n<div class=\"wp-block-image\"><figure class=\"alignright size-large\"><img loading=\"lazy\" decoding=\"async\" width=\"100\" height=\"110\" src=\"http:\/\/www.hargarten-net.com\/wp-content\/uploads\/2021\/01\/cropped-Wappen100.gif\" alt=\"\" class=\"wp-image-22\"\/><\/figure><\/div>\n\n\n\n<p><strong>Wappenbeschreibung:<\/strong><\/p>\n\n\n\n<p>\u201eRot-silber geviert, 1. silberne Haspel, 2. golden besamte blaue Flachsbl\u00fcte, 3. gr\u00fcne Eichel, 4. goldene \u00c4hre\u201c<\/p>\n\n\n\n<p><br><strong>Wappenbegr\u00fcndung:<\/strong><\/p>\n\n\n\n<p>Die Quadrierung des Schildes soll auf die Jahrhunderte dauernde Anbindung an das Kondominium Pronsfeld mit vier Herren hinweisen. Die heutige Zusammengeh\u00f6rigkeit von insgesamt vier Teilen zu einer Ortsgemeinde (Hauptort, Gesotz, Sonnenhof und Geweberwald) begr\u00fcnden auch in unserer Zeit die Vierfelderung des Schildes. Die Farben Rot und Silber stehen f\u00fcr die urspr\u00fcngliche Zugeh\u00f6rigkeit zu Trier und die Beziehung zur Abtei Pr\u00fcm. Silber und Blau weisen auf die zumindest zeitweilige Abh\u00e4ngigkeit von Luxemburg hin. Die Figuren (silberne Haspel und blaue Flachsbl\u00fcte) beziehen sich auf den Ortsnamen, der nahe legt, dass hier intensiv Flachs zur Faser- und Samengewinnung angebaut und verarbeitet wurde, sowie auf die fr\u00fcher noch heute bestehende Landwirtschaft (goldene \u00c4hre) und die Waldwirtschaft (gr\u00fcne Eichel).<\/p>\n\n\n\n<p><em>Das Wappen wurde von Dr. Christian Credener aus Lambertsberg entworfen. Der Ortsgemeinde Hargarten wurde am 21. Juli 2005 die Genehmigung zur F\u00fchrung eines Gemeindewappens durch die Kommunalaufsicht der Kreisverwaltung Bitburg-Pr\u00fcm erteilt.<\/em><\/p>\n","protected":false},"excerpt":{"rendered":"<p>Wappenbeschreibung: \u201eRot-silber geviert, 1. silberne Haspel, 2. golden besamte blaue Flachsbl\u00fcte, 3. gr\u00fcne Eichel, 4. goldene \u00c4hre\u201c Wappenbegr\u00fcndung: Die Quadrierung des Schildes soll auf die Jahrhunderte dauernde Anbindung an das Kondominium Pronsfeld mit vier Herren hinweisen. Die heutige Zusammengeh\u00f6rigkeit von<\/p>\n","protected":false},"author":1,"featured_media":0,"parent":0,"menu_order":0,"comment_status":"closed","ping_status":"closed","template":"","meta":{"footnotes":""},"class_list":["post-28","page","type-page","status-publish","hentry"],"_links":{"self":[{"href":"https:\/\/www.hargarten-net.com\/index.php?rest_route=\/wp\/v2\/pages\/28","targetHints":{"allow":["GET"]}}],"collection":[{"href":"https:\/\/www.hargarten-net.com\/index.php?rest_route=\/wp\/v2\/pages"}],"about":[{"href":"https:\/\/www.hargarten-net.com\/index.php?rest_route=\/wp\/v2\/types\/page"}],"author":[{"embeddable":true,"href":"https:\/\/www.hargarten-net.com\/index.php?rest_route=\/wp\/v2\/users\/1"}],"replies":[{"embeddable":true,"href":"https:\/\/www.hargarten-net.com\/index.php?rest_route=%2Fwp%2Fv2%2Fcomments&post=28"}],"version-history":[{"count":2,"href":"https:\/\/www.hargarten-net.com\/index.php?rest_route=\/wp\/v2\/pages\/28\/revisions"}],"predecessor-version":[{"id":37,"href":"https:\/\/www.hargarten-net.com\/index.php?rest_route=\/wp\/v2\/pages\/28\/revisions\/37"}],"wp:attachment":[{"href":"https:\/\/www.hargarten-net.com\/index.php?rest_route=%2Fwp%2Fv2%2Fmedia&parent=28"}],"curies":[{"name":"wp","href":"https:\/\/api.w.org\/{rel}","templated":true}]}}