{"id":44,"date":"2021-01-19T08:49:48","date_gmt":"2021-01-19T07:49:48","guid":{"rendered":"http:\/\/www.hargarten-net.com\/?page_id=44"},"modified":"2021-01-19T08:51:01","modified_gmt":"2021-01-19T07:51:01","slug":"gemeindehaus","status":"publish","type":"page","link":"https:\/\/www.hargarten-net.com\/?page_id=44","title":{"rendered":"Gemeindehaus"},"content":{"rendered":"\n<p><\/p>\n\n\n\n<div class=\"wp-block-image\"><figure class=\"alignright size-large\"><img loading=\"lazy\" decoding=\"async\" width=\"500\" height=\"233\" src=\"http:\/\/www.hargarten-net.com\/wp-content\/uploads\/2021\/01\/dgh1.jpg\" alt=\"Bild: Mehrzweckgeb\u00e4ude mit Kinderspielplatz\" class=\"wp-image-12\" srcset=\"https:\/\/www.hargarten-net.com\/wp-content\/uploads\/2021\/01\/dgh1.jpg 500w, https:\/\/www.hargarten-net.com\/wp-content\/uploads\/2021\/01\/dgh1-300x140.jpg 300w\" sizes=\"auto, (max-width: 500px) 100vw, 500px\" \/><figcaption>Mehrzweckgeb\u00e4ude mit Kinderspielplatz<\/figcaption><\/figure><\/div>\n\n\n\n<p>Den Ortsmittelpunkt bildet das Mehrzweckgeb\u00e4ude mit dem angrenzenden Kinderspielplatz.<\/p>\n\n\n\n<p>Unser Gemeindehaus (Mehrzweckgeb\u00e4ude) in Hargarten verf\u00fcgt \u00fcber einen gro\u00dfen Raum von 48 m\u00b2 mit Theke und Zapfanlage, in dem ca. 40 Personen Platz finden. Die K\u00fcche mit 23 m\u00b2 ist ausgestattet mit einer Industriesp\u00fclmaschine, Herd mit Backofen, gro\u00dfem K\u00fchlschrank, Doppelkaffeemaschine und Gedecken f\u00fcr bis zu 50 Personen. T\u00f6pfe, Pfannen, Thermoskannen und alles, was man in einer K\u00fcche zur Bewirtung von 40-50 Personen ben\u00f6tigt, ist vorhanden.<\/p>\n\n\n\n<p>Vermietet wird das Gemeindehaus nach Absprache mit dem B\u00fcrgermeister.<\/p>\n\n\n\n<p><\/p>\n\n\n\n<div class=\"wp-block-image\"><figure class=\"aligncenter size-large\"><img loading=\"lazy\" decoding=\"async\" width=\"500\" height=\"375\" src=\"http:\/\/www.hargarten-net.com\/wp-content\/uploads\/2021\/01\/dgh3.jpg\" alt=\"Bild: Innenansicht des Mehrzweckgeb\u00e4udes\" class=\"wp-image-14\" srcset=\"https:\/\/www.hargarten-net.com\/wp-content\/uploads\/2021\/01\/dgh3.jpg 500w, https:\/\/www.hargarten-net.com\/wp-content\/uploads\/2021\/01\/dgh3-300x225.jpg 300w\" sizes=\"auto, (max-width: 500px) 100vw, 500px\" \/><figcaption>Innenansicht des Mehrzweckgeb\u00e4udes<\/figcaption><\/figure><\/div>\n\n\n\n<p><\/p>\n","protected":false},"excerpt":{"rendered":"<p>Den Ortsmittelpunkt bildet das Mehrzweckgeb\u00e4ude mit dem angrenzenden Kinderspielplatz. Unser Gemeindehaus (Mehrzweckgeb\u00e4ude) in Hargarten verf\u00fcgt \u00fcber einen gro\u00dfen Raum von 48 m\u00b2 mit Theke und Zapfanlage, in dem ca. 40 Personen Platz finden. Die K\u00fcche mit 23 m\u00b2 ist ausgestattet<\/p>\n","protected":false},"author":1,"featured_media":0,"parent":0,"menu_order":0,"comment_status":"closed","ping_status":"closed","template":"","meta":{"footnotes":""},"class_list":["post-44","page","type-page","status-publish","hentry"],"_links":{"self":[{"href":"https:\/\/www.hargarten-net.com\/index.php?rest_route=\/wp\/v2\/pages\/44","targetHints":{"allow":["GET"]}}],"collection":[{"href":"https:\/\/www.hargarten-net.com\/index.php?rest_route=\/wp\/v2\/pages"}],"about":[{"href":"https:\/\/www.hargarten-net.com\/index.php?rest_route=\/wp\/v2\/types\/page"}],"author":[{"embeddable":true,"href":"https:\/\/www.hargarten-net.com\/index.php?rest_route=\/wp\/v2\/users\/1"}],"replies":[{"embeddable":true,"href":"https:\/\/www.hargarten-net.com\/index.php?rest_route=%2Fwp%2Fv2%2Fcomments&post=44"}],"version-history":[{"count":2,"href":"https:\/\/www.hargarten-net.com\/index.php?rest_route=\/wp\/v2\/pages\/44\/revisions"}],"predecessor-version":[{"id":47,"href":"https:\/\/www.hargarten-net.com\/index.php?rest_route=\/wp\/v2\/pages\/44\/revisions\/47"}],"wp:attachment":[{"href":"https:\/\/www.hargarten-net.com\/index.php?rest_route=%2Fwp%2Fv2%2Fmedia&parent=44"}],"curies":[{"name":"wp","href":"https:\/\/api.w.org\/{rel}","templated":true}]}}